{"id":4910,"date":"2020-02-25T19:25:08","date_gmt":"2020-02-25T19:25:08","guid":{"rendered":"https:\/\/www.oculio.com\/portugal\/?page_id=4910"},"modified":"2021-01-06T13:40:59","modified_gmt":"2021-01-06T12:40:59","slug":"orientacoes-para-profissionais","status":"publish","type":"page","link":"https:\/\/www.oculio.com\/portugal\/orientacoes-para-profissionais\/","title":{"rendered":"Orienta\u00e7\u00f5es para profissionais"},"content":{"rendered":"\t\t<div data-elementor-type=\"wp-page\" data-elementor-id=\"4910\" class=\"elementor elementor-4910\" data-elementor-settings=\"[]\">\n\t\t\t\t\t\t<div class=\"elementor-inner\">\n\t\t\t\t\t\t\t<div class=\"elementor-section-wrap\">\n\t\t\t\t\t\t\t<section class=\"elementor-section elementor-top-section elementor-element elementor-element-2106975 elementor-section-height-min-height elementor-section-content-middle headerPages elementor-section-boxed elementor-section-height-default elementor-section-items-middle\" data-id=\"2106975\" data-element_type=\"section\" data-settings=\"{&quot;background_background&quot;:&quot;classic&quot;}\">\n\t\t\t\t\t\t\t<div class=\"elementor-background-overlay\"><\/div>\n\t\t\t\t\t\t\t<div class=\"elementor-container elementor-column-gap-no\">\n\t\t\t\t\t\t\t<div class=\"elementor-row\">\n\t\t\t\t\t<div class=\"elementor-column elementor-col-100 elementor-top-column elementor-element elementor-element-c415624\" data-id=\"c415624\" data-element_type=\"column\">\n\t\t\t<div class=\"elementor-column-wrap elementor-element-populated\">\n\t\t\t\t\t\t\t<div class=\"elementor-widget-wrap\">\n\t\t\t\t\t\t<div class=\"elementor-element elementor-element-ac92d69 elementor-widget elementor-widget-case27-page-heading-widget\" data-id=\"ac92d69\" data-element_type=\"widget\" data-widget_type=\"case27-page-heading-widget.default\">\n\t\t\t\t<div class=\"elementor-widget-container\">\n\t\t\t\n<section class=\"page-head ph-type-1 parallax-bg\">\n\t<div class=\"overlay\"><\/div>\n\t<div class=\"ph-details\">\n\t\t<div class=\"container-fluid\">\n\t\t\t<div class=\"row\">\n\t\t\t\t<div class=\"col-md-12\"\">\n\t\t\t\t\t<p style=\"color: #fff\">Regras para as \u00d3ticas<\/p>\n\t\t\t\t\t<h1 class=\"case27-primary-text\">Orienta\u00e7\u00f5es para profissionais<\/h1>\n\t\t\t\t<\/div>\n\t\t\t<\/div>\n\t\t<\/div>\n\t<\/div>\n<\/section>\t\t<\/div>\n\t\t\t\t<\/div>\n\t\t\t\t\t\t<\/div>\n\t\t\t\t\t<\/div>\n\t\t<\/div>\n\t\t\t\t\t\t\t\t<\/div>\n\t\t\t\t\t<\/div>\n\t\t<\/section>\n\t\t\t\t<section class=\"elementor-section elementor-top-section elementor-element elementor-element-e8dc6d9 elementor-section-boxed elementor-section-height-default elementor-section-height-default\" data-id=\"e8dc6d9\" data-element_type=\"section\">\n\t\t\t\t\t\t<div class=\"elementor-container elementor-column-gap-default\">\n\t\t\t\t\t\t\t<div class=\"elementor-row\">\n\t\t\t\t\t<div class=\"elementor-column elementor-col-100 elementor-top-column elementor-element elementor-element-d9acbd2\" data-id=\"d9acbd2\" data-element_type=\"column\">\n\t\t\t<div class=\"elementor-column-wrap elementor-element-populated\">\n\t\t\t\t\t\t\t<div class=\"elementor-widget-wrap\">\n\t\t\t\t\t\t<div class=\"elementor-element elementor-element-115ba1a elementor-widget elementor-widget-spacer\" data-id=\"115ba1a\" data-element_type=\"widget\" data-widget_type=\"spacer.default\">\n\t\t\t\t<div class=\"elementor-widget-container\">\n\t\t\t\t\t<div class=\"elementor-spacer\">\n\t\t\t<div class=\"elementor-spacer-inner\"><\/div>\n\t\t<\/div>\n\t\t\t\t<\/div>\n\t\t\t\t<\/div>\n\t\t\t\t\t\t<\/div>\n\t\t\t\t\t<\/div>\n\t\t<\/div>\n\t\t\t\t\t\t\t\t<\/div>\n\t\t\t\t\t<\/div>\n\t\t<\/section>\n\t\t\t\t<section class=\"elementor-section elementor-top-section elementor-element elementor-element-81e5d1d elementor-section-boxed elementor-section-height-default elementor-section-height-default\" data-id=\"81e5d1d\" data-element_type=\"section\">\n\t\t\t\t\t\t<div class=\"elementor-container elementor-column-gap-default\">\n\t\t\t\t\t\t\t<div class=\"elementor-row\">\n\t\t\t\t\t<div class=\"elementor-column elementor-col-66 elementor-top-column elementor-element elementor-element-b0421d3\" data-id=\"b0421d3\" data-element_type=\"column\">\n\t\t\t<div class=\"elementor-column-wrap elementor-element-populated\">\n\t\t\t\t\t\t\t<div class=\"elementor-widget-wrap\">\n\t\t\t\t\t\t<div class=\"elementor-element elementor-element-1ff82ad elementor-widget elementor-widget-text-editor\" data-id=\"1ff82ad\" data-element_type=\"widget\" data-widget_type=\"text-editor.default\">\n\t\t\t\t<div class=\"elementor-widget-container\">\n\t\t\t\t\t\t\t\t<div class=\"elementor-text-editor elementor-clearfix\">\n\t\t\t\t\t<h4>Nome da \u00d3tica<\/h4><p>O nome de uma \u00f3tica \u00e9 crucial para os utilizadores pesquisarem e identificarem lugares na Oculio.<\/p><p>Para que isto seja f\u00e1cil e intuitivo, as p\u00e1ginas das \u00f3ticas na Oculio devem seguir alguns crit\u00e9rios:<\/p><ul><li>Os nomes das \u00f3ticas devem corresponder ao nome real do espa\u00e7o, conforme a sinaliza\u00e7\u00e3o f\u00edsica no exterior;<\/li><li>Slogans e tipos de estabelecimento n\u00e3o dever\u00e3o ser colocados no nome da \u00f3tica na Oculio. Os utilizadores recordam uma \u00f3tica melhor pelo seu nome do que pelo seu slogan, e a pesquisa \u00e9 igualmente mais f\u00e1cil atrav\u00e9s do nome. Por exemplo, \u201c\u00d3tica do Bairro \u2014 Campo de Ourique\u201d seria incorreto, uma vez que \u201cCampo de Ourique\u201d \u00e9 o nome de uma regi\u00e3o que n\u00e3o deve ser inclu\u00eddo no nome. No entanto, se o nome legal da \u00f3tica incluir esta informa\u00e7\u00e3o, iremos aceit\u00e1-lo;<\/li><li>Abreviaturas n\u00e3o s\u00e3o adicionadas ao nome da \u00f3tica, uma vez que reduz as possibilidades dos utilizadores o encontrarem numa pesquisa org\u00e2nica. Se quiser ser tamb\u00e9m pesquis\u00e1vel por abreviaturas ou outros nomes, contacte portugal@oculio.com.<\/li><\/ul><h4>Morada da \u00d3tica<\/h4><p>A morada da \u00f3tica \u00e9 uma informa\u00e7\u00e3o fundamental para que os clientes consigam chegar ao espa\u00e7o.<\/p><p>Para que isto seja f\u00e1cil e intuitivo, as p\u00e1ginas das \u00f3ticas na Oculio devem seguir alguns crit\u00e9rios:<\/p><ul><li>A morada deve estar escrita num formato padr\u00e3o, para manter a consist\u00eancia e facilidade de leitura. O formato que utilizamos \u00e9: [Rua], [N\u00famero da porta\/loja], [Bairro], [Cidade]. No caso de espa\u00e7os acima do r\u00e9s-do-ch\u00e3o, adicionamos o n\u00famero do andar e o nome do edif\u00edcio para facilitar a localiza\u00e7\u00e3o.<\/li><\/ul><h4>Caracter\u00edsticas da \u00d3tica<\/h4><p>Os utilizadores baseiam-se nestas caracter\u00edsticas para tomar decis\u00f5es. Na Oculio, chamam-se normalmente atributos ou servi\u00e7os na loja.<\/p><p>Alguns dos atributos mais populares incluem:<\/p><ul><li>Acesso a Mobilidade Reduzida;<\/li><li>Acordos e Protocolos;<\/li><li>Condi\u00e7\u00f5es de Financiamento;<\/li><li>Lentes monofocais em 1 hora;<\/li><li>Marca\u00e7\u00e3o Online &#8211; Para adicionar este atributo, contacte-nos em portugal@oculio.com.<\/li><\/ul><h4>Hor\u00e1rio de funcionamento<\/h4><p>O hor\u00e1rio representa o hor\u00e1rio de funcionamento da \u00f3tica, o que permite aos utilizadores planear a sua visita.<\/p><p>Os utilizadores podem encontrar lugares conforme o hor\u00e1rio que lhes \u00e9 mais conveniente atrav\u00e9s do filtro \u201cAberto agora\u201d. Algumas orienta\u00e7\u00f5es para os hor\u00e1rios:<\/p><ul><li>Seguimos o formato de 24 horas para os hor\u00e1rios na Oculio;<\/li><li>Os hor\u00e1rios dever\u00e3o corresponder ao hor\u00e1rio de funcionamento da \u00f3tica;<\/li><li>Uma vez que a grelha de hor\u00e1rios aceita apenas n\u00fameros, precisamos de inserir um hor\u00e1rio espec\u00edfico para a abertura e encerramento.<\/li><\/ul><h4>Fotografias<\/h4><p>As fotos nas p\u00e1ginas das \u00f3ticas d\u00e3o aos utilizadores uma ideia do que esperar do espa\u00e7o.<\/p><p>Algumas indica\u00e7\u00f5es a ter em conta ao carregar fotos:<\/p><ul><li>Apenas aceitamos fotos relevantes do ambiente. As fotos do exterior ajudam os clientes a identificar visualmente a \u00f3tica;<\/li><li>Existe uma ordem para as fotos apresentadas, que \u00e9 a mesma em todas as listagens: [Fotos de exterior] &#8212; [Fotos de ambiente];<\/li><li>Fotos de exterior s\u00e3o fotos tiradas no exterior da \u00f3tica, e incluem normalmente a entrada e a sinaliza\u00e7\u00e3o exterior da loja;<\/li><li>Fotos de ambiente s\u00e3o fotos do interior da \u00f3tica, de forma a dar uma ideia da ilumina\u00e7\u00e3o ou da disposi\u00e7\u00e3o do espa\u00e7o;<\/li><li>N\u00e3o s\u00e3o permitidas fotos com pessoas;<\/li><li>N\u00e3o s\u00e3o permitidas fotos provenientes de bancos de imagens ou retiradas de motores de busca ou outros sites, uma vez que isto constitui uma viola\u00e7\u00e3o dos direitos de autor. Mesmo que tais fotos tenham sido legalmente adquiridas pela \u00f3tica, n\u00e3o ser\u00e3o adicionadas \u00e0 p\u00e1gina por n\u00e3o retratarem verdadeiramente o espa\u00e7o. Isso poderia ser enganador para os utilizadores;<\/li><li>O formato das fotos dever\u00e1 ser .JPEG ou .PNG;<\/li><li>Cada imagem s\u00f3 pode conter uma foto. N\u00e3o permitimos fotomontagens ou colagens, pois estas n\u00e3o d\u00e3o uma imagem clara da \u00f3tica;<\/li><li>N\u00e3o usamos imagens onde logos e links para redes sociais ocupem uma por\u00e7\u00e3o significativa da imagem, pois isto poderia colocar a nossa neutralidade enquanto plataforma em causa.<\/li><\/ul><h4>Fotos de capa<\/h4><p>Uma foto de capa torna a p\u00e1gina mais apelativa, ao mesmo tempo que transmite informa\u00e7\u00f5es acerca do estabelecimento.<\/p><p>Dada a sua import\u00e2ncia, temos algumas orienta\u00e7\u00f5es espec\u00edficas:<\/p><ul><li>N\u00e3o s\u00e3o permitidas fotos provenientes de bancos de imagens, apenas fotos do ambiente que capturem a realidade da \u00f3tica;<\/li><li>A foto dever\u00e1 ser visualmente apelativa;<\/li><li>A imagem deve ter alta resolu\u00e7\u00e3o (no m\u00ednimo 1200&#215;600 pixeis de resolu\u00e7\u00e3o);<\/li><li>Logos adicionados por montagem n\u00e3o s\u00e3o permitidos. No entanto, s\u00e3o permitidas fotos com branding naturalmente presente (log\u00f3tipos e\/ou o nome em caixas, paredes, etc.);<\/li><li>Idealmente, a foto dever\u00e1 ser ao baixo. S\u00e3o permitidas fotos ao alto, mas os elementos da imagem poder\u00e3o ser perdidos ao cortar a imagem para a adaptar ao formato da p\u00e1gina;<\/li><li>A foto n\u00e3o dever\u00e1 ter elementos artificialmente adicionados, como n\u00fameros de telefone, websites ou outros tipos de texto.<\/li><\/ul><h4>Orienta\u00e7\u00f5es para novas listagens<\/h4><p>Uma nova listagem para a \u00f3tica s\u00f3 se justifica caso haja altera\u00e7\u00f5es significativas que afectem a experi\u00eancia dos utilizadores. Alguns exemplos abaixo:<\/p><ul><li>Uma mudan\u00e7a radical no conceito. Por exemplo, se passou de \u00f3tica independente para \u00f3tica associada a um grupo;<\/li><li>Se mudou de estabelecimento e a nova localiza\u00e7\u00e3o est\u00e1 numa \u00e1rea diferente da original.<\/li><\/ul><p>Se um dos crit\u00e9rios acima descritos estiver presente, criaremos uma nova listagem nos seguintes casos:<\/p><ul><li>H\u00e1 uma altera\u00e7\u00e3o no nome do estabelecimento. No entanto, n\u00e3o \u00e9 necess\u00e1rio criar uma nova listagem para meras adi\u00e7\u00f5es ao nome original (por exemplo, de &#8220;Oculista Alberto&#8221; para &#8220;Oculista Alberto &amp; Rua&#8221;), caso a localiza\u00e7\u00e3o e tipo de estabelecimento se mantenham sensivelmente as mesmas;<\/li><li>O estabelecimento tem uma nova ger\u00eancia e houve uma altera\u00e7\u00e3o ao conceito. Caso n\u00e3o tenha havido uma altera\u00e7\u00e3o no conceito, n\u00e3o criamos uma nova listagem.<br \/>Altera\u00e7\u00f5es no ambiente\/interiores ser\u00e3o consideradas caso a caso.<\/li><\/ul><p>Ser\u00e1 criada uma nova listagem caso haja uma combina\u00e7\u00e3o de dois dos crit\u00e9rios acima.<\/p><p>N\u00e3o criamos novas listagens quando os atributos s\u00e3o adicionados ou removidos, ou caso a \u00f3tica feche temporariamente.<\/p><p>Se precisar de ajuda com a sua p\u00e1gina, contacte-nos para portugal@oculio.com.<\/p>\t\t\t\t\t<\/div>\n\t\t\t\t\t\t<\/div>\n\t\t\t\t<\/div>\n\t\t\t\t\t\t<\/div>\n\t\t\t\t\t<\/div>\n\t\t<\/div>\n\t\t\t\t<div class=\"elementor-column elementor-col-33 elementor-top-column elementor-element elementor-element-c4a58fe\" data-id=\"c4a58fe\" data-element_type=\"column\">\n\t\t\t<div class=\"elementor-column-wrap\">\n\t\t\t\t\t\t\t<div class=\"elementor-widget-wrap\">\n\t\t\t\t\t\t\t\t<\/div>\n\t\t\t\t\t<\/div>\n\t\t<\/div>\n\t\t\t\t\t\t\t\t<\/div>\n\t\t\t\t\t<\/div>\n\t\t<\/section>\n\t\t\t\t<section class=\"elementor-section elementor-top-section elementor-element elementor-element-3ecaa96 elementor-section-boxed elementor-section-height-default elementor-section-height-default\" data-id=\"3ecaa96\" data-element_type=\"section\">\n\t\t\t\t\t\t<div class=\"elementor-container elementor-column-gap-default\">\n\t\t\t\t\t\t\t<div class=\"elementor-row\">\n\t\t\t\t\t<div class=\"elementor-column elementor-col-100 elementor-top-column elementor-element elementor-element-fdbe9e9\" data-id=\"fdbe9e9\" data-element_type=\"column\">\n\t\t\t<div class=\"elementor-column-wrap elementor-element-populated\">\n\t\t\t\t\t\t\t<div class=\"elementor-widget-wrap\">\n\t\t\t\t\t\t<div class=\"elementor-element elementor-element-4358796 elementor-widget elementor-widget-spacer\" data-id=\"4358796\" data-element_type=\"widget\" data-widget_type=\"spacer.default\">\n\t\t\t\t<div class=\"elementor-widget-container\">\n\t\t\t\t\t<div class=\"elementor-spacer\">\n\t\t\t<div class=\"elementor-spacer-inner\"><\/div>\n\t\t<\/div>\n\t\t\t\t<\/div>\n\t\t\t\t<\/div>\n\t\t\t\t\t\t<\/div>\n\t\t\t\t\t<\/div>\n\t\t<\/div>\n\t\t\t\t\t\t\t\t<\/div>\n\t\t\t\t\t<\/div>\n\t\t<\/section>\n\t\t\t\t\t\t<\/div>\n\t\t\t\t\t\t<\/div>\n\t\t\t\t\t<\/div>\n\t\t","protected":false},"excerpt":{"rendered":"<p>Nome da \u00d3tica O nome de uma \u00f3tica \u00e9 crucial para os utilizadores pesquisarem e identificarem lugares na Oculio. Para que isto seja f\u00e1cil e intuitivo, as p\u00e1ginas das \u00f3ticas na Oculio devem seguir alguns crit\u00e9rios: Os nomes das \u00f3ticas devem corresponder ao nome real do espa\u00e7o, conforme a sinaliza\u00e7\u00e3o f\u00edsica no exterior; Slogans e [&hellip;]<\/p>\n","protected":false},"author":1,"featured_media":0,"parent":0,"menu_order":0,"comment_status":"closed","ping_status":"closed","template":"","meta":{"inline_featured_image":false,"_monsterinsights_skip_tracking":false,"_monsterinsights_sitenote_active":false,"_monsterinsights_sitenote_note":"","_monsterinsights_sitenote_category":0},"yoast_head":"<!-- This site is optimized with the Yoast SEO plugin v18.0 - https:\/\/yoast.com\/wordpress\/plugins\/seo\/ -->\n<title>Oculio - N\u00e3o sabe qual \u00f3tica escolher ? N\u00f3s resolvemos !<\/title>\n<meta name=\"description\" content=\"\u00c9 crucial cuidar de si e da sa\u00fade dos seus olhos. Visite o nosso website e fique a conhecer qual a melhor \u00f3tica na sua localiza\u00e7\u00e3o.\" \/>\n<meta name=\"robots\" content=\"index, follow, max-snippet:-1, max-image-preview:large, max-video-preview:-1\" \/>\n<link rel=\"canonical\" href=\"https:\/\/www.oculio.com\/portugal\/orientacoes-para-profissionais\/\" \/>\n<meta property=\"og:locale\" content=\"pt_PT\" \/>\n<meta property=\"og:type\" content=\"article\" \/>\n<meta property=\"og:title\" content=\"Oculio - N\u00e3o sabe qual \u00f3tica escolher ? N\u00f3s resolvemos !\" \/>\n<meta property=\"og:description\" content=\"\u00c9 crucial cuidar de si e da sa\u00fade dos seus olhos. Visite o nosso website e fique a conhecer qual a melhor \u00f3tica na sua localiza\u00e7\u00e3o.\" \/>\n<meta property=\"og:url\" content=\"https:\/\/www.oculio.com\/portugal\/orientacoes-para-profissionais\/\" \/>\n<meta property=\"og:site_name\" content=\"Oculio\" \/>\n<meta property=\"article:publisher\" content=\"https:\/\/www.facebook.com\/oculio\" \/>\n<meta property=\"article:modified_time\" content=\"2021-01-06T12:40:59+00:00\" \/>\n<meta name=\"twitter:card\" content=\"summary_large_image\" \/>\n<meta name=\"twitter:label1\" content=\"Tempo estimado de leitura\" \/>\n\t<meta name=\"twitter:data1\" content=\"5 minutos\" \/>\n<script type=\"application\/ld+json\" class=\"yoast-schema-graph\">{\"@context\":\"https:\/\/schema.org\",\"@graph\":[{\"@type\":\"WebSite\",\"@id\":\"https:\/\/www.oculio.com\/portugal\/#website\",\"url\":\"https:\/\/www.oculio.com\/portugal\/\",\"name\":\"Oculio\",\"description\":\"Encontre um \u00f3tico perto de si\",\"potentialAction\":[{\"@type\":\"SearchAction\",\"target\":{\"@type\":\"EntryPoint\",\"urlTemplate\":\"https:\/\/www.oculio.com\/portugal\/?s={search_term_string}\"},\"query-input\":\"required name=search_term_string\"}],\"inLanguage\":\"pt-PT\"},{\"@type\":\"WebPage\",\"@id\":\"https:\/\/www.oculio.com\/portugal\/orientacoes-para-profissionais\/#webpage\",\"url\":\"https:\/\/www.oculio.com\/portugal\/orientacoes-para-profissionais\/\",\"name\":\"Oculio - N\u00e3o sabe qual \u00f3tica escolher ? N\u00f3s resolvemos !\",\"isPartOf\":{\"@id\":\"https:\/\/www.oculio.com\/portugal\/#website\"},\"datePublished\":\"2020-02-25T19:25:08+00:00\",\"dateModified\":\"2021-01-06T12:40:59+00:00\",\"description\":\"\u00c9 crucial cuidar de si e da sa\u00fade dos seus olhos. Visite o nosso website e fique a conhecer qual a melhor \u00f3tica na sua localiza\u00e7\u00e3o.\",\"breadcrumb\":{\"@id\":\"https:\/\/www.oculio.com\/portugal\/orientacoes-para-profissionais\/#breadcrumb\"},\"inLanguage\":\"pt-PT\",\"potentialAction\":[{\"@type\":\"ReadAction\",\"target\":[\"https:\/\/www.oculio.com\/portugal\/orientacoes-para-profissionais\/\"]}]},{\"@type\":\"BreadcrumbList\",\"@id\":\"https:\/\/www.oculio.com\/portugal\/orientacoes-para-profissionais\/#breadcrumb\",\"itemListElement\":[{\"@type\":\"ListItem\",\"position\":1,\"name\":\"In\u00edcio\",\"item\":\"https:\/\/www.oculio.com\/portugal\/\"},{\"@type\":\"ListItem\",\"position\":2,\"name\":\"Orienta\u00e7\u00f5es para profissionais\"}]}]}<\/script>\n<!-- \/ Yoast SEO plugin. -->","yoast_head_json":{"title":"Oculio - N\u00e3o sabe qual \u00f3tica escolher ? N\u00f3s resolvemos !","description":"\u00c9 crucial cuidar de si e da sa\u00fade dos seus olhos. Visite o nosso website e fique a conhecer qual a melhor \u00f3tica na sua localiza\u00e7\u00e3o.","robots":{"index":"index","follow":"follow","max-snippet":"max-snippet:-1","max-image-preview":"max-image-preview:large","max-video-preview":"max-video-preview:-1"},"canonical":"https:\/\/www.oculio.com\/portugal\/orientacoes-para-profissionais\/","og_locale":"pt_PT","og_type":"article","og_title":"Oculio - N\u00e3o sabe qual \u00f3tica escolher ? N\u00f3s resolvemos !","og_description":"\u00c9 crucial cuidar de si e da sa\u00fade dos seus olhos. Visite o nosso website e fique a conhecer qual a melhor \u00f3tica na sua localiza\u00e7\u00e3o.","og_url":"https:\/\/www.oculio.com\/portugal\/orientacoes-para-profissionais\/","og_site_name":"Oculio","article_publisher":"https:\/\/www.facebook.com\/oculio","article_modified_time":"2021-01-06T12:40:59+00:00","twitter_card":"summary_large_image","twitter_misc":{"Tempo estimado de leitura":"5 minutos"},"schema":{"@context":"https:\/\/schema.org","@graph":[{"@type":"WebSite","@id":"https:\/\/www.oculio.com\/portugal\/#website","url":"https:\/\/www.oculio.com\/portugal\/","name":"Oculio","description":"Encontre um \u00f3tico perto de si","potentialAction":[{"@type":"SearchAction","target":{"@type":"EntryPoint","urlTemplate":"https:\/\/www.oculio.com\/portugal\/?s={search_term_string}"},"query-input":"required name=search_term_string"}],"inLanguage":"pt-PT"},{"@type":"WebPage","@id":"https:\/\/www.oculio.com\/portugal\/orientacoes-para-profissionais\/#webpage","url":"https:\/\/www.oculio.com\/portugal\/orientacoes-para-profissionais\/","name":"Oculio - N\u00e3o sabe qual \u00f3tica escolher ? N\u00f3s resolvemos !","isPartOf":{"@id":"https:\/\/www.oculio.com\/portugal\/#website"},"datePublished":"2020-02-25T19:25:08+00:00","dateModified":"2021-01-06T12:40:59+00:00","description":"\u00c9 crucial cuidar de si e da sa\u00fade dos seus olhos. Visite o nosso website e fique a conhecer qual a melhor \u00f3tica na sua localiza\u00e7\u00e3o.","breadcrumb":{"@id":"https:\/\/www.oculio.com\/portugal\/orientacoes-para-profissionais\/#breadcrumb"},"inLanguage":"pt-PT","potentialAction":[{"@type":"ReadAction","target":["https:\/\/www.oculio.com\/portugal\/orientacoes-para-profissionais\/"]}]},{"@type":"BreadcrumbList","@id":"https:\/\/www.oculio.com\/portugal\/orientacoes-para-profissionais\/#breadcrumb","itemListElement":[{"@type":"ListItem","position":1,"name":"In\u00edcio","item":"https:\/\/www.oculio.com\/portugal\/"},{"@type":"ListItem","position":2,"name":"Orienta\u00e7\u00f5es para profissionais"}]}]}},"_links":{"self":[{"href":"https:\/\/www.oculio.com\/portugal\/wp-json\/wp\/v2\/pages\/4910"}],"collection":[{"href":"https:\/\/www.oculio.com\/portugal\/wp-json\/wp\/v2\/pages"}],"about":[{"href":"https:\/\/www.oculio.com\/portugal\/wp-json\/wp\/v2\/types\/page"}],"author":[{"embeddable":true,"href":"https:\/\/www.oculio.com\/portugal\/wp-json\/wp\/v2\/users\/1"}],"replies":[{"embeddable":true,"href":"https:\/\/www.oculio.com\/portugal\/wp-json\/wp\/v2\/comments?post=4910"}],"version-history":[{"count":7,"href":"https:\/\/www.oculio.com\/portugal\/wp-json\/wp\/v2\/pages\/4910\/revisions"}],"predecessor-version":[{"id":5739,"href":"https:\/\/www.oculio.com\/portugal\/wp-json\/wp\/v2\/pages\/4910\/revisions\/5739"}],"wp:attachment":[{"href":"https:\/\/www.oculio.com\/portugal\/wp-json\/wp\/v2\/media?parent=4910"}],"curies":[{"name":"wp","href":"https:\/\/api.w.org\/{rel}","templated":true}]}}