{"id":3677,"date":"2019-08-05T10:28:55","date_gmt":"2019-08-05T10:28:55","guid":{"rendered":"https:\/\/oculio.com\/portugal\/?page_id=3677"},"modified":"2021-01-06T13:40:02","modified_gmt":"2021-01-06T12:40:02","slug":"contacto","status":"publish","type":"page","link":"https:\/\/www.oculio.com\/portugal\/contacto\/","title":{"rendered":"Contacto"},"content":{"rendered":"\t\t<div data-elementor-type=\"wp-post\" data-elementor-id=\"3677\" class=\"elementor elementor-3677\" data-elementor-settings=\"[]\">\n\t\t\t\t\t\t<div class=\"elementor-inner\">\n\t\t\t\t\t\t\t<div class=\"elementor-section-wrap\">\n\t\t\t\t\t\t\t<section class=\"elementor-section elementor-top-section elementor-element elementor-element-bd1d8df elementor-section-height-min-height elementor-section-content-middle headerPages elementor-section-boxed elementor-section-height-default elementor-section-items-middle\" data-id=\"bd1d8df\" data-element_type=\"section\" data-settings=\"{&quot;background_background&quot;:&quot;classic&quot;}\">\n\t\t\t\t\t\t\t<div class=\"elementor-background-overlay\"><\/div>\n\t\t\t\t\t\t\t<div class=\"elementor-container elementor-column-gap-no\">\n\t\t\t\t\t\t\t<div class=\"elementor-row\">\n\t\t\t\t\t<div class=\"elementor-column elementor-col-100 elementor-top-column elementor-element elementor-element-2b7f52b\" data-id=\"2b7f52b\" data-element_type=\"column\">\n\t\t\t<div class=\"elementor-column-wrap elementor-element-populated\">\n\t\t\t\t\t\t\t<div class=\"elementor-widget-wrap\">\n\t\t\t\t\t\t<div class=\"elementor-element elementor-element-738967c elementor-widget elementor-widget-case27-page-heading-widget\" data-id=\"738967c\" data-element_type=\"widget\" data-widget_type=\"case27-page-heading-widget.default\">\n\t\t\t\t<div class=\"elementor-widget-container\">\n\t\t\t\n<section class=\"page-head ph-type-1 parallax-bg\">\n\t<div class=\"overlay\"><\/div>\n\t<div class=\"ph-details\">\n\t\t<div class=\"container-fluid\">\n\t\t\t<div class=\"row\">\n\t\t\t\t<div class=\"col-md-12\"\">\n\t\t\t\t\t<p style=\"color: #fff\">Fale connosco<\/p>\n\t\t\t\t\t<h1 class=\"case27-primary-text\">Como podemos ajudar?<\/h1>\n\t\t\t\t<\/div>\n\t\t\t<\/div>\n\t\t<\/div>\n\t<\/div>\n<\/section>\t\t<\/div>\n\t\t\t\t<\/div>\n\t\t\t\t\t\t<\/div>\n\t\t\t\t\t<\/div>\n\t\t<\/div>\n\t\t\t\t\t\t\t\t<\/div>\n\t\t\t\t\t<\/div>\n\t\t<\/section>\n\t\t\t\t<section class=\"elementor-section elementor-inner-section elementor-element elementor-element-b9b9afd elementor-section-boxed elementor-section-height-default elementor-section-height-default\" data-id=\"b9b9afd\" data-element_type=\"section\">\n\t\t\t\t\t\t<div class=\"elementor-container elementor-column-gap-wider\">\n\t\t\t\t\t\t\t<div class=\"elementor-row\">\n\t\t\t\t\t<div class=\"elementor-column elementor-col-66 elementor-inner-column elementor-element elementor-element-b609add\" data-id=\"b609add\" data-element_type=\"column\">\n\t\t\t<div class=\"elementor-column-wrap elementor-element-populated\">\n\t\t\t\t\t\t\t<div class=\"elementor-widget-wrap\">\n\t\t\t\t\t\t<div class=\"elementor-element elementor-element-54feecb elementor-widget elementor-widget-text-editor\" data-id=\"54feecb\" data-element_type=\"widget\" data-widget_type=\"text-editor.default\">\n\t\t\t\t<div class=\"elementor-widget-container\">\n\t\t\t\t\t\t\t\t<div class=\"elementor-text-editor elementor-clearfix\">\n\t\t\t\t\t<div role=\"form\" class=\"wpcf7\" id=\"wpcf7-f3681-o1\" lang=\"pt-PT\" dir=\"ltr\">\n<div class=\"screen-reader-response\"><p role=\"status\" aria-live=\"polite\" aria-atomic=\"true\"><\/p> <ul><\/ul><\/div>\n<form action=\"\/portugal\/wp-json\/wp\/v2\/pages\/3677#wpcf7-f3681-o1\" method=\"post\" class=\"wpcf7-form init\" novalidate=\"novalidate\" data-status=\"init\">\n<div style=\"display: none;\">\n<input type=\"hidden\" name=\"_wpcf7\" value=\"3681\" \/>\n<input type=\"hidden\" name=\"_wpcf7_version\" value=\"5.5.4\" \/>\n<input type=\"hidden\" name=\"_wpcf7_locale\" value=\"pt_PT\" \/>\n<input type=\"hidden\" name=\"_wpcf7_unit_tag\" value=\"wpcf7-f3681-o1\" \/>\n<input type=\"hidden\" name=\"_wpcf7_container_post\" value=\"0\" \/>\n<input type=\"hidden\" name=\"_wpcf7_posted_data_hash\" value=\"\" \/>\n<input type=\"hidden\" name=\"_case27_recipients\" value=\"%case27_recipients%\" \/>\n<input type=\"hidden\" name=\"_case27_post_id\" value=\"3677\" \/>\n<input type=\"hidden\" name=\"_wpcf7_recaptcha_response\" value=\"\" \/>\n<\/div>\n<p><label>Nome*<br \/>\n    <span class=\"wpcf7-form-control-wrap your-name\"><input type=\"text\" name=\"your-name\" value=\"\" size=\"40\" class=\"wpcf7-form-control wpcf7-text wpcf7-validates-as-required\" aria-required=\"true\" aria-invalid=\"false\" \/><\/span> <\/label><\/p>\n<p><label> Email*<br \/>\n    <span class=\"wpcf7-form-control-wrap your-email\"><input type=\"email\" name=\"your-email\" value=\"\" size=\"40\" class=\"wpcf7-form-control wpcf7-text wpcf7-email wpcf7-validates-as-required wpcf7-validates-as-email\" aria-required=\"true\" aria-invalid=\"false\" \/><\/span> <\/label><\/p>\n<p><label>N\u00famero de telefone (opcional)<br \/>\n    <span class=\"wpcf7-form-control-wrap your-name\"><input type=\"text\" name=\"your-name\" value=\"\" size=\"40\" class=\"wpcf7-form-control wpcf7-text\" aria-invalid=\"false\" \/><\/span> <\/label><\/p>\n<p><label> Como podemos ajudar?<br \/>\n    <span class=\"wpcf7-form-control-wrap motivo\"><select name=\"motivo\" class=\"wpcf7-form-control wpcf7-select wpcf7-validates-as-required\" aria-required=\"true\" aria-invalid=\"false\"><option value=\"\">Encontrei uma p\u00e1gina com informa\u00e7\u00f5es incorretas ou desatualizadas.<\/option><option value=\"H\u00e1 algo de errado com o website\/app.\">H\u00e1 algo de errado com o website\/app.<\/option><option value=\"Gostava de dar feedback ou sugest\u00f5es.\">Gostava de dar feedback ou sugest\u00f5es.<\/option><option value=\"Outro\">Outro<\/option><\/select><\/span> <\/label><\/p>\n<p><label> Mensagem*<br \/>\n    <span class=\"wpcf7-form-control-wrap your-message\"><textarea name=\"your-message\" cols=\"40\" rows=\"10\" class=\"wpcf7-form-control wpcf7-textarea\" aria-invalid=\"false\"><\/textarea><\/span> <\/label><\/p>\n<p>&nbsp;<\/p>\n<p><span class=\"wpcf7-form-control-wrap acceptance-711\"><span class=\"wpcf7-form-control wpcf7-acceptance\"><span class=\"wpcf7-list-item\"><label><input type=\"checkbox\" name=\"acceptance-711\" value=\"1\" aria-invalid=\"false\" \/><span class=\"wpcf7-list-item-label\">Aceito a Pol\u00edtica de Privacidade da Oculio e autorizo a utiliza\u00e7\u00e3o dos meus dados pessoais para os fins previstos na mesma.<\/span><\/label><\/span><\/span><\/span><\/p>\n<p>&nbsp;<\/p>\n<p><input type=\"submit\" value=\"Enviar mensagem\" class=\"wpcf7-form-control has-spinner wpcf7-submit\" \/><\/p>\n<div class=\"wpcf7-response-output\" aria-hidden=\"true\"><\/div><\/form><\/div>\t\t\t\t\t<\/div>\n\t\t\t\t\t\t<\/div>\n\t\t\t\t<\/div>\n\t\t\t\t\t\t<\/div>\n\t\t\t\t\t<\/div>\n\t\t<\/div>\n\t\t\t\t<div class=\"elementor-column elementor-col-33 elementor-inner-column elementor-element elementor-element-fb86ba3\" data-id=\"fb86ba3\" data-element_type=\"column\">\n\t\t\t<div class=\"elementor-column-wrap elementor-element-populated\">\n\t\t\t\t\t\t\t<div class=\"elementor-widget-wrap\">\n\t\t\t\t\t\t<div class=\"elementor-element elementor-element-e0c8f49 elementor-widget elementor-widget-text-editor\" data-id=\"e0c8f49\" data-element_type=\"widget\" data-widget_type=\"text-editor.default\">\n\t\t\t\t<div class=\"elementor-widget-container\">\n\t\t\t\t\t\t\t\t<div class=\"elementor-text-editor elementor-clearfix\">\n\t\t\t\t\t<h4>Reportar uma emerg\u00eancia de seguran\u00e7a<\/h4><p>Estamos comprometidos com a seguran\u00e7a de todos que usam a Oculio.<\/p><a href=\"#\" class=\"buttons button-1   button-animated\">Submeter um aviso de bug <i class=\"material-icons\">keyboard_arrow_right<\/i><\/a>\t\t\t\t\t<\/div>\n\t\t\t\t\t\t<\/div>\n\t\t\t\t<\/div>\n\t\t\t\t<div class=\"elementor-element elementor-element-7e485e5 elementor-widget-divider--view-line elementor-widget elementor-widget-divider\" data-id=\"7e485e5\" data-element_type=\"widget\" data-widget_type=\"divider.default\">\n\t\t\t\t<div class=\"elementor-widget-container\">\n\t\t\t\t\t<div class=\"elementor-divider\">\n\t\t\t<span class=\"elementor-divider-separator\">\n\t\t\t\t\t\t<\/span>\n\t\t<\/div>\n\t\t\t\t<\/div>\n\t\t\t\t<\/div>\n\t\t\t\t<div class=\"elementor-element elementor-element-e878552 elementor-widget elementor-widget-text-editor\" data-id=\"e878552\" data-element_type=\"widget\" data-widget_type=\"text-editor.default\">\n\t\t\t\t<div class=\"elementor-widget-container\">\n\t\t\t\t\t\t\t\t<div class=\"elementor-text-editor elementor-clearfix\">\n\t\t\t\t\t<h4>\u200bTrabalhe connosco<\/h4><p>Neste momento estamos a recrutar por todo o mundo. Consulte as nossas ofertas dispon\u00edveis.<\/p><a href=\"https:\/\/careers.oculio.com\/\" class=\"buttons button-1   button-animated\">Ver todas as ofertas <i class=\"material-icons\">keyboard_arrow_right<\/i><\/a>\t\t\t\t\t<\/div>\n\t\t\t\t\t\t<\/div>\n\t\t\t\t<\/div>\n\t\t\t\t<div class=\"elementor-element elementor-element-3266e8b elementor-widget-divider--view-line elementor-widget elementor-widget-divider\" data-id=\"3266e8b\" data-element_type=\"widget\" data-widget_type=\"divider.default\">\n\t\t\t\t<div class=\"elementor-widget-container\">\n\t\t\t\t\t<div class=\"elementor-divider\">\n\t\t\t<span class=\"elementor-divider-separator\">\n\t\t\t\t\t\t<\/span>\n\t\t<\/div>\n\t\t\t\t<\/div>\n\t\t\t\t<\/div>\n\t\t\t\t<div class=\"elementor-element elementor-element-d905015 elementor-widget elementor-widget-text-editor\" data-id=\"d905015\" data-element_type=\"widget\" data-widget_type=\"text-editor.default\">\n\t\t\t\t<div class=\"elementor-widget-container\">\n\t\t\t\t\t\t\t\t<div class=\"elementor-text-editor elementor-clearfix\">\n\t\t\t\t\t<h4>\u200bOculio for Business<\/h4><p>\u00c9 propriet\u00e1rio de uma \u00f3tica? Saiba como pode tirar partido da Oculio.<\/p><a href=\"#\" class=\"buttons button-1   button-animated\">Saiba mais <i class=\"material-icons\">keyboard_arrow_right<\/i><\/a>\t\t\t\t\t<\/div>\n\t\t\t\t\t\t<\/div>\n\t\t\t\t<\/div>\n\t\t\t\t\t\t<\/div>\n\t\t\t\t\t<\/div>\n\t\t<\/div>\n\t\t\t\t\t\t\t\t<\/div>\n\t\t\t\t\t<\/div>\n\t\t<\/section>\n\t\t\t\t\t\t<\/div>\n\t\t\t\t\t\t<\/div>\n\t\t\t\t\t<\/div>\n\t\t","protected":false},"excerpt":{"rendered":"<p>Reportar uma emerg\u00eancia de seguran\u00e7a Estamos comprometidos com a seguran\u00e7a de todos que usam a Oculio. \u200bTrabalhe connosco Neste momento estamos a recrutar por todo o mundo. Consulte as nossas ofertas dispon\u00edveis. \u200bOculio for Business \u00c9 propriet\u00e1rio de uma \u00f3tica? Saiba como pode tirar partido da Oculio.<\/p>\n","protected":false},"author":1,"featured_media":0,"parent":0,"menu_order":0,"comment_status":"closed","ping_status":"closed","template":"","meta":{"inline_featured_image":false,"_monsterinsights_skip_tracking":false,"_monsterinsights_sitenote_active":false,"_monsterinsights_sitenote_note":"","_monsterinsights_sitenote_category":0},"yoast_head":"<!-- This site is optimized with the Yoast SEO plugin v18.0 - https:\/\/yoast.com\/wordpress\/plugins\/seo\/ -->\n<title>Contacto - Oculio<\/title>\n<meta name=\"description\" content=\"Encontre as respostas para as suas perguntas ou contacte-nos atrav\u00e9s do nosso formul\u00e1rio. O Oculio est\u00e1 pronto para ajudar!\" \/>\n<meta name=\"robots\" content=\"index, follow, max-snippet:-1, max-image-preview:large, max-video-preview:-1\" \/>\n<link rel=\"canonical\" href=\"https:\/\/www.oculio.com\/portugal\/contacto\/\" \/>\n<meta property=\"og:locale\" content=\"pt_PT\" \/>\n<meta property=\"og:type\" content=\"article\" \/>\n<meta property=\"og:title\" content=\"Contacto - Oculio\" \/>\n<meta property=\"og:description\" content=\"Encontre as respostas para as suas perguntas ou contacte-nos atrav\u00e9s do nosso formul\u00e1rio. O Oculio est\u00e1 pronto para ajudar!\" \/>\n<meta property=\"og:url\" content=\"https:\/\/www.oculio.com\/portugal\/contacto\/\" \/>\n<meta property=\"og:site_name\" content=\"Oculio\" \/>\n<meta property=\"article:publisher\" content=\"https:\/\/www.facebook.com\/oculio\" \/>\n<meta property=\"article:modified_time\" content=\"2021-01-06T12:40:02+00:00\" \/>\n<meta name=\"twitter:card\" content=\"summary_large_image\" \/>\n<script type=\"application\/ld+json\" class=\"yoast-schema-graph\">{\"@context\":\"https:\/\/schema.org\",\"@graph\":[{\"@type\":\"WebSite\",\"@id\":\"https:\/\/www.oculio.com\/portugal\/#website\",\"url\":\"https:\/\/www.oculio.com\/portugal\/\",\"name\":\"Oculio\",\"description\":\"Encontre um \u00f3tico perto de si\",\"potentialAction\":[{\"@type\":\"SearchAction\",\"target\":{\"@type\":\"EntryPoint\",\"urlTemplate\":\"https:\/\/www.oculio.com\/portugal\/?s={search_term_string}\"},\"query-input\":\"required name=search_term_string\"}],\"inLanguage\":\"pt-PT\"},{\"@type\":\"WebPage\",\"@id\":\"https:\/\/www.oculio.com\/portugal\/contacto\/#webpage\",\"url\":\"https:\/\/www.oculio.com\/portugal\/contacto\/\",\"name\":\"Contacto - Oculio\",\"isPartOf\":{\"@id\":\"https:\/\/www.oculio.com\/portugal\/#website\"},\"datePublished\":\"2019-08-05T10:28:55+00:00\",\"dateModified\":\"2021-01-06T12:40:02+00:00\",\"description\":\"Encontre as respostas para as suas perguntas ou contacte-nos atrav\u00e9s do nosso formul\u00e1rio. O Oculio est\u00e1 pronto para ajudar!\",\"breadcrumb\":{\"@id\":\"https:\/\/www.oculio.com\/portugal\/contacto\/#breadcrumb\"},\"inLanguage\":\"pt-PT\",\"potentialAction\":[{\"@type\":\"ReadAction\",\"target\":[\"https:\/\/www.oculio.com\/portugal\/contacto\/\"]}]},{\"@type\":\"BreadcrumbList\",\"@id\":\"https:\/\/www.oculio.com\/portugal\/contacto\/#breadcrumb\",\"itemListElement\":[{\"@type\":\"ListItem\",\"position\":1,\"name\":\"In\u00edcio\",\"item\":\"https:\/\/www.oculio.com\/portugal\/\"},{\"@type\":\"ListItem\",\"position\":2,\"name\":\"Contacto\"}]}]}<\/script>\n<!-- \/ Yoast SEO plugin. -->","yoast_head_json":{"title":"Contacto - Oculio","description":"Encontre as respostas para as suas perguntas ou contacte-nos atrav\u00e9s do nosso formul\u00e1rio. O Oculio est\u00e1 pronto para ajudar!","robots":{"index":"index","follow":"follow","max-snippet":"max-snippet:-1","max-image-preview":"max-image-preview:large","max-video-preview":"max-video-preview:-1"},"canonical":"https:\/\/www.oculio.com\/portugal\/contacto\/","og_locale":"pt_PT","og_type":"article","og_title":"Contacto - Oculio","og_description":"Encontre as respostas para as suas perguntas ou contacte-nos atrav\u00e9s do nosso formul\u00e1rio. O Oculio est\u00e1 pronto para ajudar!","og_url":"https:\/\/www.oculio.com\/portugal\/contacto\/","og_site_name":"Oculio","article_publisher":"https:\/\/www.facebook.com\/oculio","article_modified_time":"2021-01-06T12:40:02+00:00","twitter_card":"summary_large_image","schema":{"@context":"https:\/\/schema.org","@graph":[{"@type":"WebSite","@id":"https:\/\/www.oculio.com\/portugal\/#website","url":"https:\/\/www.oculio.com\/portugal\/","name":"Oculio","description":"Encontre um \u00f3tico perto de si","potentialAction":[{"@type":"SearchAction","target":{"@type":"EntryPoint","urlTemplate":"https:\/\/www.oculio.com\/portugal\/?s={search_term_string}"},"query-input":"required name=search_term_string"}],"inLanguage":"pt-PT"},{"@type":"WebPage","@id":"https:\/\/www.oculio.com\/portugal\/contacto\/#webpage","url":"https:\/\/www.oculio.com\/portugal\/contacto\/","name":"Contacto - Oculio","isPartOf":{"@id":"https:\/\/www.oculio.com\/portugal\/#website"},"datePublished":"2019-08-05T10:28:55+00:00","dateModified":"2021-01-06T12:40:02+00:00","description":"Encontre as respostas para as suas perguntas ou contacte-nos atrav\u00e9s do nosso formul\u00e1rio. O Oculio est\u00e1 pronto para ajudar!","breadcrumb":{"@id":"https:\/\/www.oculio.com\/portugal\/contacto\/#breadcrumb"},"inLanguage":"pt-PT","potentialAction":[{"@type":"ReadAction","target":["https:\/\/www.oculio.com\/portugal\/contacto\/"]}]},{"@type":"BreadcrumbList","@id":"https:\/\/www.oculio.com\/portugal\/contacto\/#breadcrumb","itemListElement":[{"@type":"ListItem","position":1,"name":"In\u00edcio","item":"https:\/\/www.oculio.com\/portugal\/"},{"@type":"ListItem","position":2,"name":"Contacto"}]}]}},"_links":{"self":[{"href":"https:\/\/www.oculio.com\/portugal\/wp-json\/wp\/v2\/pages\/3677"}],"collection":[{"href":"https:\/\/www.oculio.com\/portugal\/wp-json\/wp\/v2\/pages"}],"about":[{"href":"https:\/\/www.oculio.com\/portugal\/wp-json\/wp\/v2\/types\/page"}],"author":[{"embeddable":true,"href":"https:\/\/www.oculio.com\/portugal\/wp-json\/wp\/v2\/users\/1"}],"replies":[{"embeddable":true,"href":"https:\/\/www.oculio.com\/portugal\/wp-json\/wp\/v2\/comments?post=3677"}],"version-history":[{"count":12,"href":"https:\/\/www.oculio.com\/portugal\/wp-json\/wp\/v2\/pages\/3677\/revisions"}],"predecessor-version":[{"id":5199,"href":"https:\/\/www.oculio.com\/portugal\/wp-json\/wp\/v2\/pages\/3677\/revisions\/5199"}],"wp:attachment":[{"href":"https:\/\/www.oculio.com\/portugal\/wp-json\/wp\/v2\/media?parent=3677"}],"curies":[{"name":"wp","href":"https:\/\/api.w.org\/{rel}","templated":true}]}}