{"id":2808,"date":"2017-10-26T00:00:44","date_gmt":"2017-10-26T00:00:44","guid":{"rendered":"https:\/\/27collective.net\/import\/mycity\/?page_id=23"},"modified":"2020-08-09T23:34:59","modified_gmt":"2020-08-09T22:34:59","slug":"explorer","status":"publish","type":"page","link":"https:\/\/www.oculio.com\/france\/explorer\/","title":{"rendered":"Les opticiens en France"},"content":{"rendered":"\t\t<div data-elementor-type=\"wp-page\" data-elementor-id=\"2808\" class=\"elementor elementor-2808\" data-elementor-settings=\"[]\">\n\t\t\t\t\t\t<div class=\"elementor-inner\">\n\t\t\t\t\t\t\t<div class=\"elementor-section-wrap\">\n\t\t\t\t\t\t\t<section class=\"elementor-section elementor-top-section elementor-element elementor-element-utalg80 elementor-section-full_width elementor-section-height-default elementor-section-height-default\" data-id=\"utalg80\" data-element_type=\"section\">\n\t\t\t\t\t\t<div class=\"elementor-container elementor-column-gap-no\">\n\t\t\t\t\t\t\t<div class=\"elementor-row\">\n\t\t\t\t\t<div class=\"elementor-column elementor-col-100 elementor-top-column elementor-element elementor-element-tn4yrfx\" data-id=\"tn4yrfx\" data-element_type=\"column\">\n\t\t\t<div class=\"elementor-column-wrap elementor-element-populated\">\n\t\t\t\t\t\t\t<div class=\"elementor-widget-wrap\">\n\t\t\t\t\t\t<div class=\"elementor-element elementor-element-08xex4q elementor-widget elementor-widget-case27-explore-widget\" data-id=\"08xex4q\" data-element_type=\"widget\" data-widget_type=\"case27-explore-widget.default\">\n\t\t\t\t<div class=\"elementor-widget-container\">\n\t\t\t\n\t<div class=\"cts-explore finder-container fc-type-1 finder-one-columns explore-types-topbar\" id=\"c27-explore-listings\">\n\t<div class=\"mobile-explore-head\">\n\t\t<a type=\"button\" class=\"toggle-mobile-search\" data-toggle=\"collapse\" data-target=\"#finderSearch\"><i class=\"material-icons sm-icon\">sort<\/i>Filtres de recherche<\/a>\n\t<\/div>\n\n\t\t\t<div class=\"explore-head\">\n\t<\/div>\t\n\t<div class=\"fc-default\">\n\t\t<div class=\"finder-search min-scroll\" id=\"finderSearch\" :class=\"( state.mobileTab === 'filters' ? '' : 'visible-lg' )\">\n\t\t\t<div class=\"finder-tabs-wrapper\">\n\t\t\t\t\n\n<div class=\"finder-tabs col-md-12 without-listing-types\">\n\n\t\n\t\t<ul class=\"nav nav-tabs tabs-menu tab-count-2\" role=\"tablist\" v-show=\"activeType.slug === 'place'\">\n\t\t\t\t\t\t\t<li :class=\"activeType.tab == 'search-form' ? 'active' : ''\">\n\t\t\t\t\t<a href=\"#search-form\" role=\"tab\" class=\"tab-switch\" @click=\"activeType.tab = &#039;search-form&#039;; _getListings();\">\n\t\t\t\t\t\t<i class=\"mi filter_list\"><\/i><p>Filtre<\/p>\n\t\t\t\t\t<\/a>\n\t\t\t\t<\/li>\n\t\t\t\t\t\t\t<li :class=\"activeType.tab == 'regions' ? 'active' : ''\">\n\t\t\t\t\t<a href=\"#regions\" role=\"tab\" class=\"tab-switch\" @click=\"termsExplore(&#039;regions&#039;, &#039;active&#039; )\">\n\t\t\t\t\t\t<i class=\"mi bookmark_border\"><\/i><p>Regions<\/p>\n\t\t\t\t\t<\/a>\n\t\t\t\t<\/li>\n\t\t\t\t\t<\/ul>\n\t\n\t\n\t\t\t<div class=\"tab-content tab-count-2\" v-show=\"activeType.slug === 'place'\">\n\n\t\t\t<div id=\"search-form\" class=\"listing-type-filters search-tab tab-pane fade\" :class=\"activeType.tab == 'search-form' ? 'in active' : ''\">\n\t\t\t\t<div class=\"search-filters type-place type-id-3502\">\n\t\t\t\t\t<div class=\"light-forms filter-wrapper\">\n\n\t\t\t\t\t\t\n<div class=\"form-group location-wrapper explore-filter location-filter md-group \">\n    <input\n    \ttype=\"text\"\n\t\tclass=\"form-location-autocomplete\"\n\t\tid=\"filter_nhEtEGM\"\n\t\tname=\"search_location\"\n\t\tplaceholder=\"\"\n\t\tv-model=\"types[&quot;place&quot;].filters.search_location\"\n\t\t@autocomplete:change=\"$event.detail.place.debounce === false ? _geocodeLocation( $event ) : geocodeLocation( $event );\"\n\t>\n    <i class=\"material-icons geocode-location\" @click=\"getUserLocation\">my_location<\/i>\n    <label for=\"filter_nhEtEGM\">O\u00f9?<\/label>\n    <div class=\"md-border-line\"><\/div>\n<\/div>\n<div class=\"form-group radius radius1 proximity-slider explore-filter proximity-filter\">\n    <div v-show=\"activeType.filters.search_location_lat && activeType.filters.search_location_lng && activeType.filters.search_location.trim()\">\n        <input type=\"hidden\" name=\"proximity_units\" value=\"km\">\n\t\t<div\n\t\t\tclass=\"mylisting-range-slider\"\n\t\t\tdata-name=\"proximity\"\n\t\t\tdata-type=\"single\"\n\t\t\tdata-min=\"0\"\n\t\t\tdata-max=\"50\"\n\t\t\tdata-prefix=\"Pr\u00e8s de \"\n\t\t\tdata-suffix=\"km\"\n\t\t\tdata-step=\"1\"\n\t\t\tdata-start=\"10\"\n\t\t\t@rangeslider:change=\"types[&#039;place&#039;].filters.proximity = $event.detail.value; getListings( 'proximity-filter' );\"\n\t\t><\/div>\n    <\/div>\n<\/div>\n<div class=\"form-group form-group-tags explore-filter checkboxes-filter\" data-key=\"job_tags\">\n\t<label>En magasin<\/label>\n\t<ul class=\"tags-nav\">\n\t\t\t<\/ul>\n<\/div>\n\t\t\t\t\t<\/div>\n\t\t\t\t\t<div class=\"form-group fc-search\">\n\t\t\t\t\t\t<a href=\"#\" class=\"buttons button-2 full-width c27-explore-search-button\"\n\t\t\t\t\t\t   @click.prevent=\"state.mobileTab = 'results'; _getListings(); _resultsScrollTop();\"\n\t\t\t\t\t\t><i class=\"mi search\"><\/i>Rechercher<\/a>\n\t\t\t\t\t\t<a href=\"#\" class=\"reset-results-27 full-width\" @click.prevent=\"resetFilters($event); getListings();\">\n\t\t\t\t\t\t\t<i class=\"mi refresh\"><\/i>R\u00e9initialiser les filtres\t\t\t\t\t\t<\/a>\n\t\t\t\t\t<\/div>\n\t\t\t\t<\/div>\n\t\t\t<\/div>\n\t\t<\/div>\n\t\n\t<div id=\"explore-taxonomy-tab\" class=\"listing-cat-tab tab-pane fade c27-explore-categories\" :class=\"activeType.tab !== 'search-form' ? 'in active' : ''\">\n\t\t<div v-if=\"currentTax\">\n\t\t\t<transition-group name=\"vfade-down\">\n\t\t\t\t<div v-if=\"currentTax.activeTerm\" class=\"active-term\" :key=\"currentTax.activeTerm.term_id\">\n\t\t\t\t\t<a href=\"#\" class=\"taxonomy-back-btn\" @click.prevent=\"termsGoBack( currentTax.activeTerm )\" v-if=\"currentTax.activeTermId !== 0\">\n\t\t\t\t\t\t<i class=\"mi keyboard_backspace\"><\/i>Retour\t\t\t\t\t<\/a>\n\n\t\t\t\t\t<div class=\"active-taxonomy-container\" :class=\"currentTax.activeTerm.background ? 'with-bg' : 'no-bg'\">\n\t\t\t\t\t\t<div\n\t\t\t\t\t\t\tclass=\"category-background\" style=\"height: 200px; background-size: cover;\"\n\t\t\t\t\t\t\t:style=\"currentTax.activeTerm.background ? 'background-image: url(\\''+currentTax.activeTerm.background+'\\');' : ''\"\n\t\t\t\t\t\t><\/div>\n\t\t\t\t\t\t<span class=\"cat-icon\" :style=\"'background-color:'+currentTax.activeTerm.color\" v-html=\"currentTax.activeTerm.single_icon\"><\/span>\n\t\t\t\t\t\t<h1 class=\"category-name\">{{ currentTax.activeTerm.name }}<\/h1>\n\t\t\t\t\t\t<p class=\"category-description\">{{ currentTax.activeTerm.description }}<\/p>\n\t\t\t\t\t<\/div>\n\t\t\t\t<\/div>\n\n\t\t\t\t<div v-show=\"currentTax.termsLoading && currentTax.activeTermId !== 0 && ! currentTax.activeTerm\" class=\"loader-bg\" :key=\"'single-term-loading-indicator'\">\n\t\t\t\t\t<div class=\"listing-cat listing-cat-loading bg-loading-animation\"><\/div>\n\t\t\t\t\t<div class=\"listing-cat-line bg-loading-animation\"><\/div>\n\t\t\t\t\t<div class=\"listing-cat-line bg-loading-animation\"><\/div>\n\t\t\t\t\t<div class=\"listing-cat-line bg-loading-animation\"><\/div>\n\t\t\t\t<\/div>\n\t\t\t<\/transition-group>\n\n\t\t\t<transition-group :name=\"currentTax.activeTermId === 0 ? 'vfade-up' : 'vfade-down'\">\n\t\t\t\t<a href=\"#\" class=\"taxonomy-back-btn\" @click.prevent=\"activeType.tab = 'search-form'; getListings();\" v-if=\"currentTax.activeTermId === 0 && showBackToFilters\" :key=\"'back-to-filters'\">\n\t\t\t\t\t<i class=\"mi keyboard_backspace\"><\/i>Retour aux filtres\t\t\t\t<\/a>\n\n\t\t\t\t<div v-if=\"Object.keys(currentTax.terms).length && currentTax.activeTermId !== 0\" :key=\"'subterms-loaded-indicator-'+currentTax.activeTermId\">\n\t\t\t\t\t<h4 class=\"browse-subcategories\"><i class=\"mi bookmark_border\"><\/i>Parcourir les sous-cat\u00e9gories<\/h4>\n\t\t\t\t<\/div>\n\n\t\t\t\t<div v-if=\"currentTax.terms\" v-for=\"term in currentTax.terms\" class=\"listing-cat\" :class=\"term.term_id == currentTax.active_term ? 'active' : ''\" :key=\"term.term_id\">\n\t\t\t\t\t<a href=\"#\" @click.prevent=\"termsExplore( activeType.tab, term )\">\n\t\t\t\t\t\t<div\n\t\t\t\t\t\t\tclass=\"overlay gradient7\"\n\t\t\t\t\t\t\tstyle=\"\"\n\t\t\t\t\t\t><\/div>\n\t\t\t\t\t\t<div class=\"lc-background\" :style=\"term.background ? 'background-image: url(\\''+term.background+'\\');' : ''\"><\/div>\n\n\t\t\t\t\t\t<div class=\"lc-info\">\n\t\t\t\t\t\t\t<h4 class=\"case27-secondary-text\">{{ term.name }}<\/h4>\n\t\t\t\t\t\t\t<h6>{{ term.count }}<\/h6>\n\t\t\t\t\t\t<\/div>\n\t\t\t\t\t\t<div class=\"lc-icon\" v-html=\"term.icon\"><\/div>\n\t\t\t\t\t<\/a>\n\t\t\t\t<\/div>\n\n\t\t\t\t<div v-if=\"currentTax.terms && currentTax.hasMore && !currentTax.termsLoading\" :key=\"'load-more-terms'\">\n\t\t\t\t\t<a href=\"#\" class=\"buttons button-2\" @click.prevent=\"currentTax.termsPage += 1; termsExplore( activeType.tab, currentTax.activeTerm, true );\">\n\t\t\t\t\t\tCharger plus\t\t\t\t\t<\/a>\n\t\t\t\t<\/div>\n\n\t\t\t\t<div v-show=\"currentTax.termsLoading && currentTax.activeTermId === 0\" class=\"loader-bg\" :key=\"'terms-loading-indicator'\">\n\t\t\t\t\t<div class=\"listing-cat listing-cat-loading bg-loading-animation\"><\/div>\n\t\t\t\t\t<div class=\"listing-cat listing-cat-loading bg-loading-animation\"><\/div>\n\t\t\t\t\t<div class=\"listing-cat listing-cat-loading bg-loading-animation\"><\/div>\n\t\t\t\t\t<div class=\"listing-cat listing-cat-loading bg-loading-animation\"><\/div>\n\t\t\t\t<\/div>\n\t\t\t<\/transition-group>\n\t\t<\/div>\n\t<\/div>\n<\/div>\n\t\t\t<\/div>\n\t\t<\/div>\n\n\t\t<div class=\"finder-listings min-scroll\" id=\"finderListings\" :class=\"( state.mobileTab === 'results' ? '' : 'visible-lg' )\" :style=\"loading?'overflow:hidden':''\">\n\t\t\t<div class=\"fl-head\">\n\t\t\t\t<div class=\"col-xs-4 sort-results showing-filter\" v-cloak>\n\t\t\t\t\t\t\t\t\t\t\t\n<div v-show=\"activeType.slug === 'place'\" :class=\" 'cts-explore-sort cts-sort-type-place cts-sort-type-id-3502' \">\n\t<a class=\"toggle-rating\" href=\"#\" data-toggle=\"dropdown\" aria-expanded=\"false\"><i class=\"mi sort\"><\/i>\n\t\t\t\t\t<span v-show=\"types[&#039;place&#039;].filters.sort == &quot;plus-proche&quot;\" class=\"trigger-proximity-order\" :class=\"types[&#039;place&#039;].filters.sort == &quot;plus-proche&quot; ? 'selected' : ''\">\n\t\t\t\tPlus proche\n\t\t\t\t\t\t\t\t\t<span v-if=\"! ( types[&quot;place&quot;].filters.search_location &amp;&amp; types[&quot;place&quot;].filters.search_location_lat &amp;&amp; types[&quot;place&quot;].filters.search_location_lng )\">\n\t\t\t\t\t\t<span class=\"mi error_outline\" style=\"vertical-align:middle;font-size:14px;\"><\/span>\n\t\t\t\t\t<\/span>\n\t\t\t\t\t\t\t<\/span>\n\t\t\t\t\t<span v-show=\"types[&#039;place&#039;].filters.sort == &quot;a-z&quot;\" class=\"\" :class=\"types[&#039;place&#039;].filters.sort == &quot;a-z&quot; ? 'selected' : ''\">\n\t\t\t\tA-Z\n\t\t\t\t\t\t\t<\/span>\n\t\t\t<\/a>\n\t<ul class=\"i-dropdown dropdown-menu\">\n\t\t\t\t\t<li>\n\t\t\t\t<a href=\"#\" @click.prevent=\"types[&#039;place&#039;].filters.sort = &quot;plus-proche&quot;; getNearbyListings();\">\n\t\t\t\t\tPlus proche\n\t\t\t\t\t\t\t\t\t\t\t<span style=\"font-size:13px;color:#707070;\">\n\t\t\t\t\t\t\t<br>\n\t\t\t\t\t\t\t<span v-if=\"types[&quot;place&quot;].filters.search_location &amp;&amp; types[&quot;place&quot;].filters.search_location_lat &amp;&amp; types[&quot;place&quot;].filters.search_location_lng\">\n\t\t\t\t\t\t\t\t{{ types[\"place\"].filters.proximity + types[\"place\"].filters.proximity_units }} &middot; {{ types[\"place\"].filters.search_location }}\n\t\t\t\t\t\t\t<\/span>\n\t\t\t\t\t\t\t<span v-if=\"! ( types[&quot;place&quot;].filters.search_location &amp;&amp; types[&quot;place&quot;].filters.search_location_lat &amp;&amp; types[&quot;place&quot;].filters.search_location_lng )\">\n\t\t\t\t\t\t\t\tVous devez entrer dans un emplacement\t\t\t\t\t\t\t<\/span>\n\t\t\t\t\t\t<\/span>\n\t\t\t\t\t\t\t\t\t<\/a>\n\t\t\t<\/li>\n\t\t\t\t\t<li>\n\t\t\t\t<a href=\"#\" @click.prevent=\"types[&#039;place&#039;].filters.sort = &quot;a-z&quot;; _getListings( &#039;order-change&#039; );\">\n\t\t\t\t\tA-Z\n\t\t\t\t\t\t\t\t\t<\/a>\n\t\t\t<\/li>\n\t\t\t<\/ul>\n<\/div>\n\t\t\t\t\t\t\t\t\t<\/div>\n\n\t\t\t\t<div class=\"col-xs-4 text-center\">\n\t\t\t\t\t<span href=\"#\" class=\"fl-results-no text-left\" v-cloak>\n\t\t\t\t\t\t<span><\/span>\n\t\t\t\t\t<\/span>\n\t\t\t\t<\/div>\n\n\t\t\t\t<div class=\"col-xs-4 map-toggle-button\">\n\t\t\t\t\t<a href=\"#\" class=\"\">Vue carte<i class=\"material-icons sm-icon\">map<\/i><\/a>\n\t\t\t\t<\/div>\n\n\t\t\t\t<div class=\"col-xs-4 column-switch\">\n\t\t\t\t\t<a href=\"#\" class=\"col-switch switch-one active\" data-no=\"finder-one-columns\">\n\t\t\t\t\t\t<i class=\"mi view_stream\"><\/i>\n\t\t\t\t\t<\/a>\n\t\t\t\t\t<a href=\"#\" class=\"col-switch switch-two \" data-no=\"finder-two-columns\">\n\t\t\t\t\t\t<i class=\"mi view_module\"><\/i>\n\t\t\t\t\t<\/a>\n\t\t\t\t\t<a href=\"#\" class=\"col-switch switch-three \" data-no=\"finder-three-columns\">\n\t\t\t\t\t\t<i class=\"mi view_comfy\"><\/i>\n\t\t\t\t\t<\/a>\n\t\t\t\t<\/div>\n\t\t\t<\/div>\n\t\t\t<div class=\"results-view grid\" v-show=\"!loading\"><\/div>\n\t\t\t<div class=\"loader-bg\" v-show=\"loading\">\n\t\t\t\t\n<div class=\"paper-spinner center-vh\" style=\"width: 28px; height: 28px;\">\n\t<div class=\"spinner-container active\">\n\t\t<div class=\"spinner-layer layer-1\" style=\"border-color: #777;\">\n\t\t\t<div class=\"circle-clipper left\">\n\t\t\t\t<div class=\"circle\" style=\"border-width: 3px;\"><\/div>\n\t\t\t<\/div><div class=\"gap-patch\">\n\t\t\t\t<div class=\"circle\" style=\"border-width: 3px;\"><\/div>\n\t\t\t<\/div><div class=\"circle-clipper right\">\n\t\t\t\t<div class=\"circle\" style=\"border-width: 3px;\"><\/div>\n\t\t\t<\/div>\n\t\t<\/div>\n\t<\/div>\n<\/div>\t\t\t<\/div>\n\t\t\t<div class=\"col-md-12 center-button pagination c27-explore-pagination\" v-show=\"!loading\"><\/div>\n\t\t<\/div>\n\t<\/div>\n\n\t<div class=\"finder-map\" id=\"finderMap\" :class=\"( state.mobileTab === 'map' ? 'map-mobile-visible' : '' )\">\n\t\t<div class=\"map c27-map mylisting-map-loading\" id=\"map__69d0db136d46b\" data-options=\"{&quot;skin&quot;:&quot;skin3&quot;,&quot;scrollwheel&quot;:&quot;&quot;,&quot;zoom&quot;:10,&quot;minZoom&quot;:2,&quot;maxZoom&quot;:18}\">\n\t\t<\/div>\n\t<\/div>\n\t<div style=\"display: none;\">\n\t\t<div id=\"explore-map-location-ctrl\" title=\"Cliquez pour afficher votre emplacement\">\n\t\t\t<i class=\"mi my_location\"><\/i>\n\t\t<\/div>\n\t<\/div>\n\n\t<div class=\"explore-mobile-nav\">\n\t<ul class=\"nav nav-tabs\">\n\t\t<li class=\"show-filters\" :class=\"state.mobileTab === 'filters' ? 'active' : ''\">\n\t\t\t<a href=\"#\" @click.prevent=\"state.mobileTab = 'filters'\"><i class=\"mi search\"><\/i><\/a>\n\t\t<\/li>\n\t\t<li class=\"show-results\" :class=\"state.mobileTab === 'results' ? 'active' : ''\">\n\t\t\t<a href=\"#\" @click.prevent=\"state.mobileTab = 'results';\"><i class=\"mi format_list_bulleted\"><\/i><\/a>\n\t\t<\/li>\n\n\t\t\t\t\t<li class=\"show-map\" :class=\"state.mobileTab === 'map' ? 'active' : ''\" v-if=\"map\">\n\t\t\t\t<a href=\"#\" @click.prevent=\"state.mobileTab = 'map'\"><i class=\"mi map\"><\/i><\/a>\n\t\t\t<\/li>\n\t\t\t<\/ul>\n<\/div><\/div>\n<script type=\"text\/javascript\">\n\tvar CASE27_Explore_Settings = {\n\t\tListingWrap: \"col-md-12 grid-item\",\n\t\tActiveMobileTab: \"results\",\n\t\tScrollToResults: false,\n\t\tMap: {\"default_lat\":46.1313551,\"default_lng\":-2.4364833,\"default_zoom\":7,\"min_zoom\":2,\"max_zoom\":18,\"skin\":\"skin3\",\"scrollwheel\":\"\"},\n\t\tIsFirstLoad: true,\n\t\tDisableLiveUrlUpdate: false,\n\t\tFieldAliases: {\"job_title\":\"title\",\"job_tagline\":\"tagline\",\"job_location\":\"location\",\"job_category\":\"category\",\"job_tags\":\"tags\",\"job_description\":\"description\",\"job_email\":\"email\",\"job_logo\":\"logo\",\"job_cover\":\"cover\",\"job_gallery\":\"gallery\",\"job_website\":\"website\",\"job_phone\":\"phone\",\"job_video_url\":\"video_url\",\"job_date\":\"date\",\"job_date_from\":\"date_from\",\"job_date_to\":\"date_to\",\"search_location_lat\":\"lat\",\"search_location_lng\":\"lng\"},\n\t\tTermSettings: {\"count\":10},\n\t\tListingTypes: {\"place\":{\"index\":0,\"name\":\"Opticiens\",\"icon\":\"icon-location-pin-add-2\",\"slug\":\"place\",\"id\":3502,\"tabs\":{\"search-form\":{\"type\":\"search-form\",\"label\":\"Filtre\",\"icon\":\"mi filter_list\",\"orderby\":\"\",\"order\":\"\",\"hide_empty\":false},\"regions\":{\"type\":\"regions\",\"label\":\"Regions\",\"icon\":\"mi bookmark_border\",\"orderby\":\"count\",\"order\":\"DESC\",\"hide_empty\":true}},\"filters\":{\"page\":0,\"preserve_page\":false,\"search_location\":\"\",\"search_location_lat\":false,\"search_location_lng\":false,\"proximity\":\"10\",\"proximity_units\":\"km\",\"job_tags\":[],\"acordos\":[],\"sort\":\"plus-proche\"},\"tab\":\"search-form\",\"defaultTab\":\"search-form\",\"taxonomies\":{\"categories\":{\"tax\":\"job_listing_category\",\"field_name\":\"job_category\",\"tab_id\":\"categories\",\"page\":0,\"termsLoading\":false,\"termsPage\":0,\"activeTermId\":0,\"activeTerm\":false,\"hasMore\":false,\"terms\":{}},\"regions\":{\"tax\":\"region\",\"field_name\":\"region\",\"tab_id\":\"regions\",\"page\":0,\"termsLoading\":false,\"termsPage\":0,\"activeTermId\":0,\"activeTerm\":false,\"hasMore\":false,\"terms\":{}},\"tags\":{\"tax\":\"case27_job_listing_tags\",\"field_name\":\"job_tags\",\"tab_id\":\"tags\",\"page\":0,\"termsLoading\":false,\"termsPage\":0,\"activeTermId\":0,\"activeTerm\":false,\"hasMore\":false,\"terms\":{}},\"grupo\":{\"tax\":\"grupo\",\"field_name\":\"grupo\",\"tab_id\":\"grupo\",\"page\":0,\"termsLoading\":false,\"termsPage\":0,\"activeTermId\":0,\"activeTerm\":false,\"hasMore\":false,\"terms\":{}}}}},\n\t\tExplorePage: null,\n\t\tActiveListingType: \"place\",\n\t\tTermCache: {},\n\t};\n<\/script>\n\n\t\t<\/div>\n\t\t\t\t<\/div>\n\t\t\t\t\t\t<\/div>\n\t\t\t\t\t<\/div>\n\t\t<\/div>\n\t\t\t\t\t\t\t\t<\/div>\n\t\t\t\t\t<\/div>\n\t\t<\/section>\n\t\t\t\t\t\t<\/div>\n\t\t\t\t\t\t<\/div>\n\t\t\t\t\t<\/div>\n\t\t","protected":false},"excerpt":{"rendered":"","protected":false},"author":1,"featured_media":0,"parent":0,"menu_order":0,"comment_status":"closed","ping_status":"closed","template":"","meta":{"_monsterinsights_skip_tracking":false,"_monsterinsights_sitenote_active":false,"_monsterinsights_sitenote_note":"","_monsterinsights_sitenote_category":0},"yoast_head":"<!-- This site is optimized with the Yoast SEO plugin v16.3 - https:\/\/yoast.com\/wordpress\/plugins\/seo\/ -->\n<title>Les opticiens en France - Oculio<\/title>\n<meta name=\"description\" content=\"Avec Oculio choisissez et prenez rendez-vous gratuitement \u00e0 l&#039;optique de votre ville. B\u00e9n\u00e9ficiez \u00e9galement de promotions dans certaines optiques!\" \/>\n<meta name=\"robots\" content=\"index, follow, max-snippet:-1, max-image-preview:large, max-video-preview:-1\" \/>\n<link rel=\"canonical\" href=\"https:\/\/www.oculio.com\/france\/explorer\/\" \/>\n<meta property=\"og:locale\" content=\"fr_FR\" \/>\n<meta property=\"og:type\" content=\"article\" \/>\n<meta property=\"og:title\" content=\"Les opticiens en France - Oculio\" \/>\n<meta property=\"og:description\" content=\"Avec Oculio choisissez et prenez rendez-vous gratuitement \u00e0 l&#039;optique de votre ville. B\u00e9n\u00e9ficiez \u00e9galement de promotions dans certaines optiques!\" \/>\n<meta property=\"og:url\" content=\"https:\/\/www.oculio.com\/france\/explorer\/\" \/>\n<meta property=\"og:site_name\" content=\"Oculio\" \/>\n<meta property=\"article:publisher\" content=\"https:\/\/www.facebook.com\/oculio\" \/>\n<meta property=\"article:modified_time\" content=\"2020-08-09T22:34:59+00:00\" \/>\n<meta name=\"twitter:card\" content=\"summary_large_image\" \/>\n<script type=\"application\/ld+json\" class=\"yoast-schema-graph\">{\"@context\":\"https:\/\/schema.org\",\"@graph\":[{\"@type\":\"WebSite\",\"@id\":\"https:\/\/www.oculio.com\/france\/#website\",\"url\":\"https:\/\/www.oculio.com\/france\/\",\"name\":\"Oculio\",\"description\":\"Trouvez l\\u2019opticien qui convient \\u00e0 vos besoins, toujours avec une garantie de qualit\\u00e9.\",\"potentialAction\":[{\"@type\":\"SearchAction\",\"target\":\"https:\/\/www.oculio.com\/france\/?s={search_term_string}\",\"query-input\":\"required name=search_term_string\"}],\"inLanguage\":\"fr-FR\"},{\"@type\":\"WebPage\",\"@id\":\"https:\/\/www.oculio.com\/france\/explorer\/#webpage\",\"url\":\"https:\/\/www.oculio.com\/france\/explorer\/\",\"name\":\"Les opticiens en France - Oculio\",\"isPartOf\":{\"@id\":\"https:\/\/www.oculio.com\/france\/#website\"},\"datePublished\":\"2017-10-26T00:00:44+00:00\",\"dateModified\":\"2020-08-09T22:34:59+00:00\",\"description\":\"Avec Oculio choisissez et prenez rendez-vous gratuitement \\u00e0 l'optique de votre ville. B\\u00e9n\\u00e9ficiez \\u00e9galement de promotions dans certaines optiques!\",\"breadcrumb\":{\"@id\":\"https:\/\/www.oculio.com\/france\/explorer\/#breadcrumb\"},\"inLanguage\":\"fr-FR\",\"potentialAction\":[{\"@type\":\"ReadAction\",\"target\":[\"https:\/\/www.oculio.com\/france\/explorer\/\"]}]},{\"@type\":\"BreadcrumbList\",\"@id\":\"https:\/\/www.oculio.com\/france\/explorer\/#breadcrumb\",\"itemListElement\":[{\"@type\":\"ListItem\",\"position\":1,\"item\":{\"@type\":\"WebPage\",\"@id\":\"https:\/\/www.oculio.com\/france\/\",\"url\":\"https:\/\/www.oculio.com\/france\/\",\"name\":\"D\\u00e9but\"}},{\"@type\":\"ListItem\",\"position\":2,\"item\":{\"@id\":\"https:\/\/www.oculio.com\/france\/explorer\/#webpage\"}}]}]}<\/script>\n<!-- \/ Yoast SEO plugin. -->","_links":{"self":[{"href":"https:\/\/www.oculio.com\/france\/wp-json\/wp\/v2\/pages\/2808"}],"collection":[{"href":"https:\/\/www.oculio.com\/france\/wp-json\/wp\/v2\/pages"}],"about":[{"href":"https:\/\/www.oculio.com\/france\/wp-json\/wp\/v2\/types\/page"}],"author":[{"embeddable":true,"href":"https:\/\/www.oculio.com\/france\/wp-json\/wp\/v2\/users\/1"}],"replies":[{"embeddable":true,"href":"https:\/\/www.oculio.com\/france\/wp-json\/wp\/v2\/comments?post=2808"}],"version-history":[{"count":8,"href":"https:\/\/www.oculio.com\/france\/wp-json\/wp\/v2\/pages\/2808\/revisions"}],"predecessor-version":[{"id":10077,"href":"https:\/\/www.oculio.com\/france\/wp-json\/wp\/v2\/pages\/2808\/revisions\/10077"}],"wp:attachment":[{"href":"https:\/\/www.oculio.com\/france\/wp-json\/wp\/v2\/media?parent=2808"}],"curies":[{"name":"wp","href":"https:\/\/api.w.org\/{rel}","templated":true}]}}