{"id":3677,"date":"2019-08-05T10:28:55","date_gmt":"2019-08-05T10:28:55","guid":{"rendered":"https:\/\/oculio.com\/portugal\/?page_id=3677"},"modified":"2021-05-05T00:39:59","modified_gmt":"2021-05-04T22:39:59","slug":"contactos","status":"publish","type":"page","link":"https:\/\/www.oculio.com\/espana\/contactos\/","title":{"rendered":"Contactos"},"content":{"rendered":"\t\t<div data-elementor-type=\"wp-post\" data-elementor-id=\"3677\" class=\"elementor elementor-3677\" data-elementor-settings=\"[]\">\n\t\t\t\t\t\t<div class=\"elementor-inner\">\n\t\t\t\t\t\t\t<div class=\"elementor-section-wrap\">\n\t\t\t\t\t\t\t<section class=\"elementor-section elementor-top-section elementor-element elementor-element-bd1d8df elementor-section-height-min-height elementor-section-content-middle headerPages elementor-section-boxed elementor-section-height-default elementor-section-items-middle\" data-id=\"bd1d8df\" data-element_type=\"section\" data-settings=\"{&quot;background_background&quot;:&quot;classic&quot;}\">\n\t\t\t\t\t\t\t<div class=\"elementor-background-overlay\"><\/div>\n\t\t\t\t\t\t\t<div class=\"elementor-container elementor-column-gap-no\">\n\t\t\t\t\t\t\t<div class=\"elementor-row\">\n\t\t\t\t\t<div class=\"elementor-column elementor-col-100 elementor-top-column elementor-element elementor-element-2b7f52b\" data-id=\"2b7f52b\" data-element_type=\"column\">\n\t\t\t<div class=\"elementor-column-wrap elementor-element-populated\">\n\t\t\t\t\t\t\t<div class=\"elementor-widget-wrap\">\n\t\t\t\t\t\t<div class=\"elementor-element elementor-element-738967c elementor-widget elementor-widget-case27-page-heading-widget\" data-id=\"738967c\" data-element_type=\"widget\" data-widget_type=\"case27-page-heading-widget.default\">\n\t\t\t\t<div class=\"elementor-widget-container\">\n\t\t\t\n<section class=\"page-head ph-type-1 parallax-bg\">\n\t<div class=\"overlay\"><\/div>\n\t<div class=\"ph-details\">\n\t\t<div class=\"container-fluid\">\n\t\t\t<div class=\"row\">\n\t\t\t\t<div class=\"col-md-12\"\">\n\t\t\t\t\t<p style=\"color: #fff\">Hable con nosotros<\/p>\n\t\t\t\t\t<h1 class=\"case27-primary-text\">\u00bfC\u00f3mo podemos ayudar?<\/h1>\n\t\t\t\t<\/div>\n\t\t\t<\/div>\n\t\t<\/div>\n\t<\/div>\n<\/section>\t\t<\/div>\n\t\t\t\t<\/div>\n\t\t\t\t\t\t<\/div>\n\t\t\t\t\t<\/div>\n\t\t<\/div>\n\t\t\t\t\t\t\t\t<\/div>\n\t\t\t\t\t<\/div>\n\t\t<\/section>\n\t\t\t\t<section class=\"elementor-section elementor-inner-section elementor-element elementor-element-b9b9afd elementor-section-boxed elementor-section-height-default elementor-section-height-default\" data-id=\"b9b9afd\" data-element_type=\"section\">\n\t\t\t\t\t\t<div class=\"elementor-container elementor-column-gap-wider\">\n\t\t\t\t\t\t\t<div class=\"elementor-row\">\n\t\t\t\t\t<div class=\"elementor-column elementor-col-66 elementor-inner-column elementor-element elementor-element-b609add\" data-id=\"b609add\" data-element_type=\"column\">\n\t\t\t<div class=\"elementor-column-wrap elementor-element-populated\">\n\t\t\t\t\t\t\t<div class=\"elementor-widget-wrap\">\n\t\t\t\t\t\t<div class=\"elementor-element elementor-element-54feecb elementor-widget elementor-widget-text-editor\" data-id=\"54feecb\" data-element_type=\"widget\" data-widget_type=\"text-editor.default\">\n\t\t\t\t<div class=\"elementor-widget-container\">\n\t\t\t\t\t\t\t\t<div class=\"elementor-text-editor elementor-clearfix\">\n\t\t\t\t\t<div role=\"form\" class=\"wpcf7\" id=\"wpcf7-f3681-o1\" lang=\"pt-PT\" dir=\"ltr\">\n<div class=\"screen-reader-response\"><p role=\"status\" aria-live=\"polite\" aria-atomic=\"true\"><\/p> <ul><\/ul><\/div>\n<form action=\"\/espana\/wp-json\/wp\/v2\/pages\/3677#wpcf7-f3681-o1\" method=\"post\" class=\"wpcf7-form init\" novalidate=\"novalidate\" data-status=\"init\">\n<div style=\"display: none;\">\n<input type=\"hidden\" name=\"_wpcf7\" value=\"3681\" \/>\n<input type=\"hidden\" name=\"_wpcf7_version\" value=\"5.4.2\" \/>\n<input type=\"hidden\" name=\"_wpcf7_locale\" value=\"pt_PT\" \/>\n<input type=\"hidden\" name=\"_wpcf7_unit_tag\" value=\"wpcf7-f3681-o1\" \/>\n<input type=\"hidden\" name=\"_wpcf7_container_post\" value=\"0\" \/>\n<input type=\"hidden\" name=\"_wpcf7_posted_data_hash\" value=\"\" \/>\n<input type=\"hidden\" name=\"_case27_recipients\" value=\"%case27_recipients%\" \/>\n<input type=\"hidden\" name=\"_case27_post_id\" value=\"3677\" \/>\n<input type=\"hidden\" name=\"_wpcf7_recaptcha_response\" value=\"\" \/>\n<\/div>\n<p><label>Nombre*<br \/>\n    <span class=\"wpcf7-form-control-wrap your-name\"><input type=\"text\" name=\"your-name\" value=\"\" size=\"40\" class=\"wpcf7-form-control wpcf7-text wpcf7-validates-as-required\" aria-required=\"true\" aria-invalid=\"false\" \/><\/span> <\/label><\/p>\n<p><label>Correo electr\u00f3nico*<br \/>\n    <span class=\"wpcf7-form-control-wrap your-email\"><input type=\"email\" name=\"your-email\" value=\"\" size=\"40\" class=\"wpcf7-form-control wpcf7-text wpcf7-email wpcf7-validates-as-required wpcf7-validates-as-email\" aria-required=\"true\" aria-invalid=\"false\" \/><\/span> <\/label><\/p>\n<p><label>N\u00famero de tel\u00e9fono (opcional)<br \/>\n    <span class=\"wpcf7-form-control-wrap your-name\"><input type=\"text\" name=\"your-name\" value=\"\" size=\"40\" class=\"wpcf7-form-control wpcf7-text\" aria-invalid=\"false\" \/><\/span> <\/label><\/p>\n<p><label>\u00bfC\u00f3mo podemos ayudar?<br \/>\n    <span class=\"wpcf7-form-control-wrap motivo\"><select name=\"motivo\" class=\"wpcf7-form-control wpcf7-select wpcf7-validates-as-required\" aria-required=\"true\" aria-invalid=\"false\"><option value=\"\">Encontr\u00e9 una p\u00e1gina con informaci\u00f3n incorrecta o desactualizada.<\/option><option value=\"Hay algo malo con el sitio web\/app.\">Hay algo malo con el sitio web\/app.<\/option><option value=\"Me gustar\u00eda dar feedback o sugerencias.\">Me gustar\u00eda dar feedback o sugerencias.<\/option><option value=\"Otro\">Otro<\/option><\/select><\/span> <\/label><\/p>\n<p><label>Mensaje*<br \/>\n    <span class=\"wpcf7-form-control-wrap your-message\"><textarea name=\"your-message\" cols=\"40\" rows=\"10\" class=\"wpcf7-form-control wpcf7-textarea\" aria-invalid=\"false\"><\/textarea><\/span> <\/label><\/p>\n<p>&nbsp;<\/p>\n<p><span class=\"wpcf7-form-control-wrap acceptance-711\"><span class=\"wpcf7-form-control wpcf7-acceptance\"><span class=\"wpcf7-list-item\"><label><input type=\"checkbox\" name=\"acceptance-711\" value=\"1\" aria-invalid=\"false\" \/><span class=\"wpcf7-list-item-label\">Acepto la pol\u00edtica de privacidad de Oculio y autorizo el uso de mis datos personales para los fines establecidos en ella.<\/span><\/label><\/span><\/span><\/span><\/p>\n<p>&nbsp;<\/p>\n<p><input type=\"submit\" value=\"Env\u00eda un mensaje\" class=\"wpcf7-form-control wpcf7-submit\" \/><\/p>\n<div class=\"wpcf7-response-output\" aria-hidden=\"true\"><\/div><\/form><\/div>\t\t\t\t\t<\/div>\n\t\t\t\t\t\t<\/div>\n\t\t\t\t<\/div>\n\t\t\t\t\t\t<\/div>\n\t\t\t\t\t<\/div>\n\t\t<\/div>\n\t\t\t\t<div class=\"elementor-column elementor-col-33 elementor-inner-column elementor-element elementor-element-fb86ba3\" data-id=\"fb86ba3\" data-element_type=\"column\">\n\t\t\t<div class=\"elementor-column-wrap elementor-element-populated\">\n\t\t\t\t\t\t\t<div class=\"elementor-widget-wrap\">\n\t\t\t\t\t\t<div class=\"elementor-element elementor-element-e0c8f49 elementor-widget elementor-widget-text-editor\" data-id=\"e0c8f49\" data-element_type=\"widget\" data-widget_type=\"text-editor.default\">\n\t\t\t\t<div class=\"elementor-widget-container\">\n\t\t\t\t\t\t\t\t<div class=\"elementor-text-editor elementor-clearfix\">\n\t\t\t\t\t<h4>Informar de una emergencia de seguridad<\/h4>\nEstamos comprometidos con la seguridad de todos los que usan el Oculio.\n\n<a href=\"#\" class=\"buttons button-1   button-animated\">Presentar un informe de errores <i class=\"material-icons\">keyboard_arrow_right<\/i><\/a>\t\t\t\t\t<\/div>\n\t\t\t\t\t\t<\/div>\n\t\t\t\t<\/div>\n\t\t\t\t<div class=\"elementor-element elementor-element-7e485e5 elementor-widget-divider--view-line elementor-widget elementor-widget-divider\" data-id=\"7e485e5\" data-element_type=\"widget\" data-widget_type=\"divider.default\">\n\t\t\t\t<div class=\"elementor-widget-container\">\n\t\t\t\t\t<div class=\"elementor-divider\">\n\t\t\t<span class=\"elementor-divider-separator\">\n\t\t\t\t\t\t<\/span>\n\t\t<\/div>\n\t\t\t\t<\/div>\n\t\t\t\t<\/div>\n\t\t\t\t<div class=\"elementor-element elementor-element-e878552 elementor-widget elementor-widget-text-editor\" data-id=\"e878552\" data-element_type=\"widget\" data-widget_type=\"text-editor.default\">\n\t\t\t\t<div class=\"elementor-widget-container\">\n\t\t\t\t\t\t\t\t<div class=\"elementor-text-editor elementor-clearfix\">\n\t\t\t\t\t<h4>\u200bTrabaja con nosotros<\/h4>\nAhora mismo estamos reclutando en todo el mundo. Revise nuestras ofertas disponibles.\n\n<a href=\"https:\/\/careers.oculio.com\/\" class=\"buttons button-1   button-animated\">Ver todas las ofertas <i class=\"material-icons\">keyboard_arrow_right<\/i><\/a>\t\t\t\t\t<\/div>\n\t\t\t\t\t\t<\/div>\n\t\t\t\t<\/div>\n\t\t\t\t<div class=\"elementor-element elementor-element-3266e8b elementor-widget-divider--view-line elementor-widget elementor-widget-divider\" data-id=\"3266e8b\" data-element_type=\"widget\" data-widget_type=\"divider.default\">\n\t\t\t\t<div class=\"elementor-widget-container\">\n\t\t\t\t\t<div class=\"elementor-divider\">\n\t\t\t<span class=\"elementor-divider-separator\">\n\t\t\t\t\t\t<\/span>\n\t\t<\/div>\n\t\t\t\t<\/div>\n\t\t\t\t<\/div>\n\t\t\t\t<div class=\"elementor-element elementor-element-d905015 elementor-widget elementor-widget-text-editor\" data-id=\"d905015\" data-element_type=\"widget\" data-widget_type=\"text-editor.default\">\n\t\t\t\t<div class=\"elementor-widget-container\">\n\t\t\t\t\t\t\t\t<div class=\"elementor-text-editor elementor-clearfix\">\n\t\t\t\t\t<h4>\u200bOculio for Business<\/h4><p>\u00bfTienes una \u00f3ptica? Averigua c\u00f3mo puedes sacar provecho de Oculio.<\/p><p>\u00a0<\/p><a href=\"https:\/\/www.oculio.com\/espana\/socios\/\" class=\"buttons button-1   button-animated\">M\u00e1s informaci\u00f3n <i class=\"material-icons\">keyboard_arrow_right<\/i><\/a>\t\t\t\t\t<\/div>\n\t\t\t\t\t\t<\/div>\n\t\t\t\t<\/div>\n\t\t\t\t\t\t<\/div>\n\t\t\t\t\t<\/div>\n\t\t<\/div>\n\t\t\t\t\t\t\t\t<\/div>\n\t\t\t\t\t<\/div>\n\t\t<\/section>\n\t\t\t\t\t\t<\/div>\n\t\t\t\t\t\t<\/div>\n\t\t\t\t\t<\/div>\n\t\t","protected":false},"excerpt":{"rendered":"<p>Informar de una emergencia de seguridad Estamos comprometidos con la seguridad de todos los que usan el Oculio. \u200bTrabaja con nosotros Ahora mismo estamos reclutando en todo el mundo. Revise nuestras ofertas disponibles. \u200bOculio for Business \u00bfTienes una \u00f3ptica? Averigua c\u00f3mo puedes sacar provecho de Oculio. \u00a0<\/p>\n","protected":false},"author":1,"featured_media":0,"parent":0,"menu_order":0,"comment_status":"closed","ping_status":"closed","template":"","meta":{"_monsterinsights_skip_tracking":false,"_monsterinsights_sitenote_active":false,"_monsterinsights_sitenote_note":"","_monsterinsights_sitenote_category":0},"yoast_head":"<!-- This site is optimized with the Yoast SEO plugin v16.3 - https:\/\/yoast.com\/wordpress\/plugins\/seo\/ -->\n<title>Contactos - Oculio<\/title>\n<meta name=\"description\" content=\"Encuentre las respuestas a sus preguntas o cont\u00e1ctenos usando nuestro formulario. \u00a1Oculio est\u00e1 listo para ayudar!\" \/>\n<meta name=\"robots\" content=\"index, follow, max-snippet:-1, max-image-preview:large, max-video-preview:-1\" \/>\n<link rel=\"canonical\" href=\"https:\/\/www.oculio.com\/espana\/contactos\/\" \/>\n<meta property=\"og:locale\" content=\"es_ES\" \/>\n<meta property=\"og:type\" content=\"article\" \/>\n<meta property=\"og:title\" content=\"Contactos - Oculio\" \/>\n<meta property=\"og:description\" content=\"Encuentre las respuestas a sus preguntas o cont\u00e1ctenos usando nuestro formulario. \u00a1Oculio est\u00e1 listo para ayudar!\" \/>\n<meta property=\"og:url\" content=\"https:\/\/www.oculio.com\/espana\/contactos\/\" \/>\n<meta property=\"og:site_name\" content=\"Oculio\" \/>\n<meta property=\"article:publisher\" content=\"https:\/\/www.facebook.com\/oculio\" \/>\n<meta property=\"article:modified_time\" content=\"2021-05-04T22:39:59+00:00\" \/>\n<meta name=\"twitter:card\" content=\"summary_large_image\" \/>\n<meta name=\"twitter:label1\" content=\"Tiempo de lectura\">\n\t<meta name=\"twitter:data1\" content=\"1 minuto\">\n<script type=\"application\/ld+json\" class=\"yoast-schema-graph\">{\"@context\":\"https:\/\/schema.org\",\"@graph\":[{\"@type\":\"WebSite\",\"@id\":\"https:\/\/www.oculio.com\/espana\/#website\",\"url\":\"https:\/\/www.oculio.com\/espana\/\",\"name\":\"Oculio\",\"description\":\"Encuentra la \\u00f3ptica adecuada para tu perfil, siempre con garant\\u00eda de calidad.\",\"potentialAction\":[{\"@type\":\"SearchAction\",\"target\":\"https:\/\/www.oculio.com\/espana\/?s={search_term_string}\",\"query-input\":\"required name=search_term_string\"}],\"inLanguage\":\"es\"},{\"@type\":\"WebPage\",\"@id\":\"https:\/\/www.oculio.com\/espana\/contactos\/#webpage\",\"url\":\"https:\/\/www.oculio.com\/espana\/contactos\/\",\"name\":\"Contactos - Oculio\",\"isPartOf\":{\"@id\":\"https:\/\/www.oculio.com\/espana\/#website\"},\"datePublished\":\"2019-08-05T10:28:55+00:00\",\"dateModified\":\"2021-05-04T22:39:59+00:00\",\"description\":\"Encuentre las respuestas a sus preguntas o cont\\u00e1ctenos usando nuestro formulario. \\u00a1Oculio est\\u00e1 listo para ayudar!\",\"breadcrumb\":{\"@id\":\"https:\/\/www.oculio.com\/espana\/contactos\/#breadcrumb\"},\"inLanguage\":\"es\",\"potentialAction\":[{\"@type\":\"ReadAction\",\"target\":[\"https:\/\/www.oculio.com\/espana\/contactos\/\"]}]},{\"@type\":\"BreadcrumbList\",\"@id\":\"https:\/\/www.oculio.com\/espana\/contactos\/#breadcrumb\",\"itemListElement\":[{\"@type\":\"ListItem\",\"position\":1,\"item\":{\"@type\":\"WebPage\",\"@id\":\"https:\/\/www.oculio.com\/espana\/\",\"url\":\"https:\/\/www.oculio.com\/espana\/\",\"name\":\"In\\u00edcio\"}},{\"@type\":\"ListItem\",\"position\":2,\"item\":{\"@id\":\"https:\/\/www.oculio.com\/espana\/contactos\/#webpage\"}}]}]}<\/script>\n<!-- \/ Yoast SEO plugin. -->","_links":{"self":[{"href":"https:\/\/www.oculio.com\/espana\/wp-json\/wp\/v2\/pages\/3677"}],"collection":[{"href":"https:\/\/www.oculio.com\/espana\/wp-json\/wp\/v2\/pages"}],"about":[{"href":"https:\/\/www.oculio.com\/espana\/wp-json\/wp\/v2\/types\/page"}],"author":[{"embeddable":true,"href":"https:\/\/www.oculio.com\/espana\/wp-json\/wp\/v2\/users\/1"}],"replies":[{"embeddable":true,"href":"https:\/\/www.oculio.com\/espana\/wp-json\/wp\/v2\/comments?post=3677"}],"version-history":[{"count":19,"href":"https:\/\/www.oculio.com\/espana\/wp-json\/wp\/v2\/pages\/3677\/revisions"}],"predecessor-version":[{"id":5990,"href":"https:\/\/www.oculio.com\/espana\/wp-json\/wp\/v2\/pages\/3677\/revisions\/5990"}],"wp:attachment":[{"href":"https:\/\/www.oculio.com\/espana\/wp-json\/wp\/v2\/media?parent=3677"}],"curies":[{"name":"wp","href":"https:\/\/api.w.org\/{rel}","templated":true}]}}